{"id":405,"date":"2023-11-15T07:19:51","date_gmt":"2023-11-15T07:19:51","guid":{"rendered":"http:\/\/cleenhearts-demo.local\/?page_id=405"},"modified":"2025-07-14T11:07:40","modified_gmt":"2025-07-14T11:07:40","slug":"contact-us","status":"publish","type":"page","link":"https:\/\/www.hewb.org\/fr\/contact-us\/","title":{"rendered":"Contact Us"},"content":{"rendered":"<div data-elementor-type=\"wp-page\" data-elementor-id=\"405\" class=\"elementor elementor-405\">\n\t\t\t\t<div class=\"elementor-element elementor-element-584855b e-flex e-con-boxed e-con e-parent\" data-id=\"584855b\" data-element_type=\"container\" data-settings=\"{&quot;background_background&quot;:&quot;classic&quot;}\">\n\t\t\t\t\t<div class=\"e-con-inner\">\n\t\t\t\t<div class=\"elementor-element elementor-element-6f8a779 elementor-widget elementor-widget-heading\" data-id=\"6f8a779\" data-element_type=\"widget\" data-widget_type=\"heading.default\">\n\t\t\t\t<div class=\"elementor-widget-container\">\n\t\t\t\t\t<h2 class=\"elementor-heading-title elementor-size-default\">Restons en contact<\/h2>\t\t\t\t<\/div>\n\t\t\t\t<\/div>\n\t\t\t\t\t<\/div>\n\t\t\t\t<\/div>\n\t\t<div class=\"elementor-element elementor-element-f13a45f e-con-full e-flex e-con e-parent\" data-id=\"f13a45f\" data-element_type=\"container\">\n\t\t\t\t<div class=\"elementor-element elementor-element-15af1f7 elementor-widget elementor-widget-cleenhearts-contact-form\" data-id=\"15af1f7\" data-element_type=\"widget\" data-widget_type=\"cleenhearts-contact-form.default\">\n\t\t\t\t<div class=\"elementor-widget-container\">\n\t\t\t\t\t\r\n\t<section class=\"contact-one section-space @@extraClassName\">\r\n\t\t<div class=\"container\">\r\n\t\t\t<div class=\"row gutter-y-30\">\r\n\t\t\t\t<div class=\"col-lg-6 wow fadeInUp\" data-wow-duration=\"1500ms\" data-wow-delay=\"00ms\">\r\n\t\t\t\t\t<div class=\"contact-one__map\">\r\n\r\n\t\t\t\t\t\t<div class=\"google-map contact-one__google__map\">\r\n\t\t\t\t\t\t\t<iframe title=\"63C6+PQP Ben Guerir, Morocco\" src=\"https:\/\/maps.google.com\/maps?q=63C6%2BPQP%20Ben%20Guerir%2C%20Morocco&#038;t=m&#038;z=20&#038;output=embed&#038;iwloc=near\" aria-label=\"63C6+PQP Ben Guerir, Morocco\" class=\"map__contact-one__google__map\" allowfullscreen><\/iframe>\r\n\t\t\t\t\t\t<\/div>\r\n\r\n\t\t\t\t\t\t<!-- \/.google-map -->\r\n\t\t\t\t\t\t<div class=\"contact-one__info\">\r\n\t\t\t\t\t\t\t\t\t\t\t\t\t\t\t<div class=\"contact-one__info__item\">\r\n\t\t\t\t\t\t\t\t\t<div class=\"contact-one__info__icon\">\r\n\t\t\t\t\t\t\t\t\t\t<span aria-hidden=\"true\" class=\"icon-location\"><\/span>\t\t\t\t\t\t\t\t\t<\/div><!-- \/.contact-one__info__icon -->\r\n\t\t\t\t\t\t\t\t\t<div class=\"contact-one__info__content\">\r\n\t\t\t\t\t\t\t\t\t\t<h4 class=\"contact-one__info__title\">Adresse postale<\/h4>\r\n\t\t\t\t\t\t\t\t\t\tLot 660, Hay Moulay Rachid Ben Guerir, 43150, Morocco\t\t\t\t\t\t\t\t\t<\/div><!-- \/.contact-one__info__content -->\r\n\t\t\t\t\t\t\t\t<\/div><!-- \/.contact-one__info__item -->\r\n\t\t\t\t\t\t\t\t\t\t\t\t\t\t\t<div class=\"contact-one__info__item\">\r\n\t\t\t\t\t\t\t\t\t<div class=\"contact-one__info__icon\">\r\n\t\t\t\t\t\t\t\t\t\t<span aria-hidden=\"true\" class=\"icon-phone\"><\/span>\t\t\t\t\t\t\t\t\t<\/div><!-- \/.contact-one__info__icon -->\r\n\t\t\t\t\t\t\t\t\t<div class=\"contact-one__info__content\">\r\n\t\t\t\t\t\t\t\t\t\t<h4 class=\"contact-one__info__title\">Contact rapide<\/h4>\r\n\t\t\t\t\t\t\t\t\t\t<a href=\"tel:+212690028000\" class=\"contact-one__info__text contact-one__info__text--link\">(+212) 690 028 000<\/a>\t\t\t\t\t\t\t\t\t<\/div><!-- \/.contact-one__info__content -->\r\n\t\t\t\t\t\t\t\t<\/div><!-- \/.contact-one__info__item -->\r\n\t\t\t\t\t\t\t\t\t\t\t\t\t\t\t<div class=\"contact-one__info__item\">\r\n\t\t\t\t\t\t\t\t\t<div class=\"contact-one__info__icon\">\r\n\t\t\t\t\t\t\t\t\t\t<span aria-hidden=\"true\" class=\"fas fa-envelope\"><\/span>\t\t\t\t\t\t\t\t\t<\/div><!-- \/.contact-one__info__icon -->\r\n\t\t\t\t\t\t\t\t\t<div class=\"contact-one__info__content\">\r\n\t\t\t\t\t\t\t\t\t\t<h4 class=\"contact-one__info__title\">Email de support<\/h4>\r\n\t\t\t\t\t\t\t\t\t\t<a href=\"mailto:info@hewb.org\" class=\"contact-one__info__text contact-one__info__text--link\">info@hewb.org<\/a>\t\t\t\t\t\t\t\t\t<\/div><!-- \/.contact-one__info__content -->\r\n\t\t\t\t\t\t\t\t<\/div><!-- \/.contact-one__info__item -->\r\n\t\t\t\t\t\t\t\t\t\t\t\t\t<\/div><!-- \/.contact-one__info -->\r\n\t\t\t\t\t<\/div><!-- \/.contact-one__map -->\r\n\t\t\t\t<\/div><!-- \/.col-lg-6 -->\r\n\t\t\t\t<div class=\"col-lg-6 wow fadeInUp\" data-wow-duration=\"1500ms\" data-wow-delay=\"200ms\">\r\n\t\t\t\t\t<div class=\"contact-one__form\">\r\n\t\t\t\t\t\t<div class=\"contact-one__form__bg\" style=\"background-image: url(https:\/\/bracketweb.com\/cleenheartswp\/wp-content\/uploads\/2023\/11\/contact-bg-1-1.png);\"><\/div><!-- \/.contact-one__form__bg -->\r\n\t\t\t\t\t\t<h2 class=\"contact-one__title\">Laissez-nous un message<\/h2>\t\t\t\t\t\t<div class=\"contact-one__form__inner contact-form-validated form-one wow fadeInUp\" data-wow-duration=\"1500ms\">\r\n\t\t\t\t\t\t\t<div class=\"wpcf7 no-js\" id=\"wpcf7-f1466-o1\" lang=\"en-US\" dir=\"ltr\" data-wpcf7-id=\"1466\">\n<div class=\"screen-reader-response\"><p role=\"status\" aria-live=\"polite\" aria-atomic=\"true\"><\/p> <ul><\/ul><\/div>\n<form action=\"\/fr\/wp-json\/wp\/v2\/pages\/405#wpcf7-f1466-o1\" method=\"post\" class=\"wpcf7-form init\" aria-label=\"Contact form\" novalidate=\"novalidate\" data-status=\"init\" data-trp-original-action=\"\/fr\/wp-json\/wp\/v2\/pages\/405#wpcf7-f1466-o1\">\n<fieldset class=\"hidden-fields-container\"><input type=\"hidden\" name=\"_wpcf7\" value=\"1466\" \/><input type=\"hidden\" name=\"_wpcf7_version\" value=\"6.1\" \/><input type=\"hidden\" name=\"_wpcf7_locale\" value=\"en_US\" \/><input type=\"hidden\" name=\"_wpcf7_unit_tag\" value=\"wpcf7-f1466-o1\" \/><input type=\"hidden\" name=\"_wpcf7_container_post\" value=\"0\" \/><input type=\"hidden\" name=\"_wpcf7_posted_data_hash\" value=\"\" \/>\n<\/fieldset>\n<div class=\"row gutter-y-20\">\n    <div class=\"col-12\">\n        <div class=\"form-one__control\">\n            <span class=\"wpcf7-form-control-wrap\" data-name=\"contact-name\"><input size=\"40\" maxlength=\"400\" class=\"wpcf7-form-control wpcf7-text wpcf7-validates-as-required form-one__control__input\" id=\"name\" aria-required=\"true\" aria-invalid=\"false\" placeholder=\"Entrer votre nom\" value=\"\" type=\"text\" name=\"contact-name\" \/><\/span>\n        <\/div><!-- \/.form-one__control -->\n    <\/div><!-- \/.col-12 -->\n    <div class=\"col-12\">\n        <div class=\"form-one__control\">\n            <span class=\"wpcf7-form-control-wrap\" data-name=\"contact-email\"><input size=\"40\" maxlength=\"400\" class=\"wpcf7-form-control wpcf7-text wpcf7-validates-as-required form-one__control__input\" id=\"youremail\" aria-required=\"true\" aria-invalid=\"false\" placeholder=\"Adresse email\" value=\"\" type=\"text\" name=\"contact-email\" \/><\/span>\n        <\/div><!-- \/.form-one__control -->\n    <\/div><!-- \/.col-12 -->\n    <div class=\"col-12\">\n        <div class=\"form-one__control\">\n            <span class=\"wpcf7-form-control-wrap\" data-name=\"contact-message\"><textarea cols=\"40\" rows=\"10\" maxlength=\"2000\" class=\"wpcf7-form-control wpcf7-textarea wpcf7-validates-as-required form-one__control__input form-one__control__message\" id=\"message\" aria-required=\"true\" aria-invalid=\"false\" placeholder=\"\u00c9crire un message...\" name=\"contact-message\"><\/textarea><\/span>\n        <\/div><!-- \/.form-one__control -->\n    <\/div><!-- \/.col-12 -->\n    <div class=\"col-12\">\n        <div class=\"form-one__control\">\n            <span class=\"wpcf7-form-control-wrap\" data-name=\"checkbox-acknowledgement\"><span class=\"wpcf7-form-control wpcf7-checkbox wpcf7-validates-as-required\"><span class=\"wpcf7-list-item first last\"><input type=\"checkbox\" name=\"checkbox-acknowledgement[]\" value=\"J&#039;ai lu et j&#039;accepte les conditions g\u00e9n\u00e9rales d&#039;utilisation, y compris la mention relative \u00e0 la protection des donn\u00e9es personnelles.\" \/><span class=\"wpcf7-list-item-label\">J&#039;ai lu et j&#039;accepte les conditions g\u00e9n\u00e9rales d&#039;utilisation, y compris la mention relative \u00e0 la protection des donn\u00e9es personnelles.<\/span><\/span><\/span><\/span>\n        <\/div>\n    <\/div><!-- \/.col-12 -->\n    <div class=\"col-12\">\n        <div class=\"form-one__control\">\n            <ul>\n                <li><a target=\"_blank\" href=\"https:\/\/acsp.ma\/privacy\">Protection des donn\u00e9es personnelles<\/a><\/li>\n                <li><a target=\"_blank\" href=\"https:\/\/acsp.ma\/terms-of-use.pdf\">Conditions g\u00e9n\u00e9rales d'utilisation<\/a><\/li>\n            <\/ul>\n        <div>\n    <\/div><!-- \/.col-12 -->\n    <div class=\"col-12\">\n        <div class=\"contact-one__btn-box form-one__control\">\n            <button type=\"submit\" class=\"cleenhearts-btn cleenhearts-btn--border-base\">\n                <span class=\"cleenhearts-btn__icon-box\">\n                    <span class=\"cleenhearts-btn__icon-box__inner\">\n                        <span class=\"icon-duble-arrow\"><\/span>\n                    <\/span>\n                <\/span>\n                <span class=\"cleenhearts-btn__text\">Envoyer le message<\/span>\n            <\/button>\n        <\/div><!-- \/.form-one__control -->\n    <\/div><!-- \/.col-12 -->\n<\/div><!-- \/.row --><div class=\"wpcf7-response-output\" aria-hidden=\"true\"><\/div>\n<input type=\"hidden\" name=\"trp-form-language\" value=\"fr\"\/><\/form>\n<\/div>\t\t\t\t\t\t<\/div><!-- \/.contact-one__form__inner -->\r\n\t\t\t\t\t<\/div><!-- \/.contact-one__form -->\r\n\t\t\t\t<\/div><!-- \/.col-lg-6 -->\r\n\t\t\t<\/div><!-- \/.row -->\r\n\t\t<\/div><!-- \/.container -->\r\n\t<\/section><!-- \/.contact-one -->\r\n\r\n\t\t\t\t<\/div>\n\t\t\t\t<\/div>\n\t\t\t\t<\/div>\n\t\t\t\t<\/div>","protected":false},"excerpt":{"rendered":"<p>Let&#8217;s Connect Mailing Address Lot 660, Hay Moulay Rachid Ben Guerir, 43150, Morocco Quick Contact (+212) 690 028 000 support email info@hewb.org Leave Us A Message Write a message &#8230; send message<\/p>","protected":false},"author":1,"featured_media":0,"parent":0,"menu_order":0,"comment_status":"closed","ping_status":"closed","template":"elementor_header_footer","meta":{"give_campaign_id":0,"footnotes":""},"class_list":["post-405","page","type-page","status-publish","hentry"],"yoast_head":"<!-- This site is optimized with the Yoast SEO plugin v25.4 - https:\/\/yoast.com\/wordpress\/plugins\/seo\/ -->\n<title>Contact Us - HEWB<\/title>\n<meta name=\"description\" content=\"HEWB is a Moroccan non-profit foundation dedicated to expanding access to inclusive, mentor-supported, digital higher education.\" \/>\n<meta name=\"robots\" content=\"index, follow, max-snippet:-1, max-image-preview:large, max-video-preview:-1\" \/>\n<link rel=\"canonical\" href=\"https:\/\/www.hewb.org\/fr\/contact-us\/\" \/>\n<meta property=\"og:locale\" content=\"fr_FR\" \/>\n<meta property=\"og:type\" content=\"article\" \/>\n<meta property=\"og:title\" content=\"Contact Us - HEWB\" \/>\n<meta property=\"og:description\" content=\"HEWB is a Moroccan non-profit foundation dedicated to expanding access to inclusive, mentor-supported, digital higher education.\" \/>\n<meta property=\"og:url\" content=\"https:\/\/www.hewb.org\/fr\/contact-us\/\" \/>\n<meta property=\"og:site_name\" content=\"HEWB\" \/>\n<meta property=\"article:modified_time\" content=\"2025-07-14T11:07:40+00:00\" \/>\n<meta name=\"twitter:card\" content=\"summary_large_image\" \/>\n<meta name=\"twitter:label1\" content=\"Dur\u00e9e de lecture estim\u00e9e\" \/>\n\t<meta name=\"twitter:data1\" content=\"1 minute\" \/>\n<script type=\"application\/ld+json\" class=\"yoast-schema-graph\">{\"@context\":\"https:\/\/schema.org\",\"@graph\":[{\"@type\":\"WebPage\",\"@id\":\"https:\/\/www.hewb.org\/contact-us\/\",\"url\":\"https:\/\/www.hewb.org\/contact-us\/\",\"name\":\"Contact Us - HEWB\",\"isPartOf\":{\"@id\":\"https:\/\/www.hewb.org\/#website\"},\"datePublished\":\"2023-11-15T07:19:51+00:00\",\"dateModified\":\"2025-07-14T11:07:40+00:00\",\"description\":\"HEWB is a Moroccan non-profit foundation dedicated to expanding access to inclusive, mentor-supported, digital higher education.\",\"breadcrumb\":{\"@id\":\"https:\/\/www.hewb.org\/contact-us\/#breadcrumb\"},\"inLanguage\":\"fr-FR\",\"potentialAction\":[{\"@type\":\"ReadAction\",\"target\":[\"https:\/\/www.hewb.org\/contact-us\/\"]}]},{\"@type\":\"BreadcrumbList\",\"@id\":\"https:\/\/www.hewb.org\/contact-us\/#breadcrumb\",\"itemListElement\":[{\"@type\":\"ListItem\",\"position\":1,\"name\":\"Home\",\"item\":\"https:\/\/www.hewb.org\/\"},{\"@type\":\"ListItem\",\"position\":2,\"name\":\"Contact Us\"}]},{\"@type\":\"WebSite\",\"@id\":\"https:\/\/www.hewb.org\/#website\",\"url\":\"https:\/\/www.hewb.org\/\",\"name\":\"HEWB\",\"description\":\"\",\"publisher\":{\"@id\":\"https:\/\/www.hewb.org\/#organization\"},\"potentialAction\":[{\"@type\":\"SearchAction\",\"target\":{\"@type\":\"EntryPoint\",\"urlTemplate\":\"https:\/\/www.hewb.org\/?s={search_term_string}\"},\"query-input\":{\"@type\":\"PropertyValueSpecification\",\"valueRequired\":true,\"valueName\":\"search_term_string\"}}],\"inLanguage\":\"fr-FR\"},{\"@type\":\"Organization\",\"@id\":\"https:\/\/www.hewb.org\/#organization\",\"name\":\"HEWB\",\"url\":\"https:\/\/www.hewb.org\/\",\"logo\":{\"@type\":\"ImageObject\",\"inLanguage\":\"fr-FR\",\"@id\":\"https:\/\/www.hewb.org\/#\/schema\/logo\/image\/\",\"url\":\"https:\/\/www.hewb.org\/wp-content\/uploads\/2023\/11\/hewb-logo.png\",\"contentUrl\":\"https:\/\/www.hewb.org\/wp-content\/uploads\/2023\/11\/hewb-logo.png\",\"width\":1144,\"height\":364,\"caption\":\"HEWB\"},\"image\":{\"@id\":\"https:\/\/www.hewb.org\/#\/schema\/logo\/image\/\"},\"sameAs\":[\"https:\/\/www.linkedin.com\/company\/higher-education-without-borders\/\"]}]}<\/script>\n<!-- \/ Yoast SEO plugin. -->","yoast_head_json":{"title":"Contact Us - HEWB","description":"HEWB is a Moroccan non-profit foundation dedicated to expanding access to inclusive, mentor-supported, digital higher education.","robots":{"index":"index","follow":"follow","max-snippet":"max-snippet:-1","max-image-preview":"max-image-preview:large","max-video-preview":"max-video-preview:-1"},"canonical":"https:\/\/www.hewb.org\/fr\/contact-us\/","og_locale":"fr_FR","og_type":"article","og_title":"Contact Us - HEWB","og_description":"HEWB is a Moroccan non-profit foundation dedicated to expanding access to inclusive, mentor-supported, digital higher education.","og_url":"https:\/\/www.hewb.org\/fr\/contact-us\/","og_site_name":"HEWB","article_modified_time":"2025-07-14T11:07:40+00:00","twitter_card":"summary_large_image","twitter_misc":{"Dur\u00e9e de lecture estim\u00e9e":"1 minute"},"schema":{"@context":"https:\/\/schema.org","@graph":[{"@type":"WebPage","@id":"https:\/\/www.hewb.org\/contact-us\/","url":"https:\/\/www.hewb.org\/contact-us\/","name":"Contact Us - HEWB","isPartOf":{"@id":"https:\/\/www.hewb.org\/#website"},"datePublished":"2023-11-15T07:19:51+00:00","dateModified":"2025-07-14T11:07:40+00:00","description":"HEWB is a Moroccan non-profit foundation dedicated to expanding access to inclusive, mentor-supported, digital higher education.","breadcrumb":{"@id":"https:\/\/www.hewb.org\/contact-us\/#breadcrumb"},"inLanguage":"fr-FR","potentialAction":[{"@type":"ReadAction","target":["https:\/\/www.hewb.org\/contact-us\/"]}]},{"@type":"BreadcrumbList","@id":"https:\/\/www.hewb.org\/contact-us\/#breadcrumb","itemListElement":[{"@type":"ListItem","position":1,"name":"Home","item":"https:\/\/www.hewb.org\/"},{"@type":"ListItem","position":2,"name":"Contact Us"}]},{"@type":"WebSite","@id":"https:\/\/www.hewb.org\/#website","url":"https:\/\/www.hewb.org\/","name":"HEWB","description":"","publisher":{"@id":"https:\/\/www.hewb.org\/#organization"},"potentialAction":[{"@type":"SearchAction","target":{"@type":"EntryPoint","urlTemplate":"https:\/\/www.hewb.org\/?s={search_term_string}"},"query-input":{"@type":"PropertyValueSpecification","valueRequired":true,"valueName":"search_term_string"}}],"inLanguage":"fr-FR"},{"@type":"Organization","@id":"https:\/\/www.hewb.org\/#organization","name":"HEWB","url":"https:\/\/www.hewb.org\/","logo":{"@type":"ImageObject","inLanguage":"fr-FR","@id":"https:\/\/www.hewb.org\/#\/schema\/logo\/image\/","url":"https:\/\/www.hewb.org\/wp-content\/uploads\/2023\/11\/hewb-logo.png","contentUrl":"https:\/\/www.hewb.org\/wp-content\/uploads\/2023\/11\/hewb-logo.png","width":1144,"height":364,"caption":"HEWB"},"image":{"@id":"https:\/\/www.hewb.org\/#\/schema\/logo\/image\/"},"sameAs":["https:\/\/www.linkedin.com\/company\/higher-education-without-borders\/"]}]}},"campaignId":"","_links":{"self":[{"href":"https:\/\/www.hewb.org\/fr\/wp-json\/wp\/v2\/pages\/405","targetHints":{"allow":["GET"]}}],"collection":[{"href":"https:\/\/www.hewb.org\/fr\/wp-json\/wp\/v2\/pages"}],"about":[{"href":"https:\/\/www.hewb.org\/fr\/wp-json\/wp\/v2\/types\/page"}],"author":[{"embeddable":true,"href":"https:\/\/www.hewb.org\/fr\/wp-json\/wp\/v2\/users\/1"}],"replies":[{"embeddable":true,"href":"https:\/\/www.hewb.org\/fr\/wp-json\/wp\/v2\/comments?post=405"}],"version-history":[{"count":22,"href":"https:\/\/www.hewb.org\/fr\/wp-json\/wp\/v2\/pages\/405\/revisions"}],"predecessor-version":[{"id":5241,"href":"https:\/\/www.hewb.org\/fr\/wp-json\/wp\/v2\/pages\/405\/revisions\/5241"}],"wp:attachment":[{"href":"https:\/\/www.hewb.org\/fr\/wp-json\/wp\/v2\/media?parent=405"}],"curies":[{"name":"wp","href":"https:\/\/api.w.org\/{rel}","templated":true}]}}