{"id":5418,"date":"2025-07-09T09:26:25","date_gmt":"2025-07-09T09:26:25","guid":{"rendered":"https:\/\/hewb.dreamhosters.com\/?page_id=5418"},"modified":"2025-07-23T09:19:10","modified_gmt":"2025-07-23T09:19:10","slug":"get-involved","status":"publish","type":"page","link":"https:\/\/www.hewb.org\/fr\/get-involved\/","title":{"rendered":"Get Involved"},"content":{"rendered":"<div data-elementor-type=\"wp-page\" data-elementor-id=\"5418\" class=\"elementor elementor-5418\">\n\t\t\t\t<div class=\"elementor-element elementor-element-e9b10c7 e-flex e-con-boxed e-con e-parent\" data-id=\"e9b10c7\" data-element_type=\"container\" data-settings=\"{&quot;background_background&quot;:&quot;classic&quot;}\">\n\t\t\t\t\t<div class=\"e-con-inner\">\n\t\t\t\t<div class=\"elementor-element elementor-element-293509a elementor-widget elementor-widget-heading\" data-id=\"293509a\" data-element_type=\"widget\" data-widget_type=\"heading.default\">\n\t\t\t\t<div class=\"elementor-widget-container\">\n\t\t\t\t\t<h2 class=\"elementor-heading-title elementor-size-default translation-block\">Rejoignez-nous pour rendre l\u2019\u00e9ducation plus accessible et \u00e9quitable<\/h2>\t\t\t\t<\/div>\n\t\t\t\t<\/div>\n\t\t\t\t\t<\/div>\n\t\t\t\t<\/div>\n\t\t<div class=\"elementor-element elementor-element-1f6628b e-con-full e-flex e-con e-parent\" data-id=\"1f6628b\" data-element_type=\"container\">\n\t\t\t\t<div class=\"elementor-element elementor-element-a4bb1a2 elementor-widget elementor-widget-cleenhearts-service\" data-id=\"a4bb1a2\" data-element_type=\"widget\" data-widget_type=\"cleenhearts-service.default\">\n\t\t\t\t<div class=\"elementor-widget-container\">\n\t\t\t\t\t\t<!-- \/.service three Start -->\r\n\r\n\t<section class=\"service-three section-space\" id=\"services\">\r\n\t\t<div class=\"container\">\r\n\t\t\t<div class=\"service-three__top\">\r\n\t\t\t\t<div class=\"row gutter-y-40\">\r\n\t\t\t\t\t<div class=\"col-lg-6 wow fadeInLeft\" data-wow-duration=\"1500ms\">\r\n\t\t\t\t\t\t<div class=\"sec-title sec-title--two @@extraClassName\">\r\n\t\t\t\t\t\t\t<div class=\"sec-title__top\">\r\n\t\t\t\t\t\t\t\t\t\t\t\t\t\t\t\t<h6 class=\"sec-title__tagline @@extraClassName\">Agissez \u00e0 nos c\u00f4t\u00e9s<\/h6>\t\t\t\t\t\t\t<\/div><!-- \/.sec-title__top -->\r\n\t\t\t\t\t\t\t<h3 class=\"sec-title__title\">Vous souhaitez contribuer \u00e0 une \u00e9ducation plus juste ? Voici comment :<\/h3>\t\t\t\t\t\t<\/div><!-- \/.sec-title -->\r\n\t\t\t\t\t<\/div><!-- \/.col-lg-6 -->\r\n\t\t\t\t\t<div class=\"col-lg-6 wow fadeInRight\" data-wow-duration=\"1500ms\">\r\n\t\t\t\t\t\t<div class=\"service-three__image\">\r\n\t\t\t\t\t\t\t<img decoding=\"async\" src=\"https:\/\/www.hewb.org\/wp-content\/uploads\/2025\/07\/image_2025-07-11_120450329.png\" alt=\"image_2025-07-11_120450329\" title=\"image_2025-07-11_120450329\" >\t\t\t\t\t\t<\/div><!-- \/.service-three__image -->\r\n\t\t\t\t\t<\/div><!-- \/.col-lg-6 -->\r\n\t\t\t\t<\/div><!-- \/.row -->\r\n\t\t\t<\/div><!-- \/.service-three__top -->\r\n\t\t\t<div class=\"row gutter-y-40\">\r\n\t\t\t\t\t\t\t\t\t<div class=\"col-md-6 wow fadeInUp\" data-wow-duration=\"1500ms\" data-wow-delay=\"00ms\">\r\n\t\t\t\t\t\t<div class=\"service-three__item service-three__item--1\">\r\n\t\t\t\t\t\t\t<div class=\"service-three__icon\">\r\n\t\t\t\t\t\t\t\t<span aria-hidden=\"true\" class=\"fas fa-chalkboard-teacher\"><\/span>\t\t\t\t\t\t\t<\/div><!-- \/.service-three__icon -->\r\n\t\t\t\t\t\t\t<div class=\"service-three__content\">\r\n\t\t\t\t\t\t\t\t<h3 class=\"service-three__title\">\r\n\t\t\t\t\t\t\t\t\tContribuez avec votre expertise\t\t\t\t\t\t\t\t<\/h3><!-- \/.service-three__title -->\r\n\t\t\t\t\t\t\t\t<p class=\"service-three__text\">Devenez mentor, coach ou formateur. Accompagnez directement les apprenants en guidant leurs projets, en corrigeant leurs travaux ou en animant une session en ligne. Nous accueillons avec enthousiasme des universitaires, chercheurs, professionnels et esprits cr\u00e9atifs.<\/p><!-- \/.service-three__text -->\r\n\t\t\t\t\t\t\t<\/div><!-- \/.service-three__content -->\r\n\t\t\t\t\t\t<\/div><!-- \/.service-three__item -->\r\n\t\t\t\t\t<\/div><!-- \/.col-md-6 -->\r\n\t\t\t\t\t\t\t\t\t<div class=\"col-md-6 wow fadeInUp\" data-wow-duration=\"1500ms\" data-wow-delay=\"00ms\">\r\n\t\t\t\t\t\t<div class=\"service-three__item service-three__item--2\">\r\n\t\t\t\t\t\t\t<div class=\"service-three__icon\">\r\n\t\t\t\t\t\t\t\t<span aria-hidden=\"true\" class=\"fas fa-hand-holding-usd\"><\/span>\t\t\t\t\t\t\t<\/div><!-- \/.service-three__icon -->\r\n\t\t\t\t\t\t\t<div class=\"service-three__content\">\r\n\t\t\t\t\t\t\t\t<h3 class=\"service-three__title\">\r\n\t\t\t\t\t\t\t\t\tSoutenez l\u2019acc\u00e8s \u00e0 la formation\t\t\t\t\t\t\t\t<\/h3><!-- \/.service-three__title -->\r\n\t\t\t\t\t\t\t\t<p class=\"service-three__text\">Contribuez \u00e0 notre fonds de bourses et aidez \u00e0 lever les barri\u00e8res financi\u00e8res qui freinent des apprenants motiv\u00e9s. Chaque don soutient une formation inclusive de qualit\u00e9.<\/p><!-- \/.service-three__text -->\r\n\t\t\t\t\t\t\t<\/div><!-- \/.service-three__content -->\r\n\t\t\t\t\t\t<\/div><!-- \/.service-three__item -->\r\n\t\t\t\t\t<\/div><!-- \/.col-md-6 -->\r\n\t\t\t\t\t\t\t\t\t<div class=\"col-md-6 wow fadeInUp\" data-wow-duration=\"1500ms\" data-wow-delay=\"00ms\">\r\n\t\t\t\t\t\t<div class=\"service-three__item service-three__item--3\">\r\n\t\t\t\t\t\t\t<div class=\"service-three__icon\">\r\n\t\t\t\t\t\t\t\t<span aria-hidden=\"true\" class=\"fas fa-hands-helping\"><\/span>\t\t\t\t\t\t\t<\/div><!-- \/.service-three__icon -->\r\n\t\t\t\t\t\t\t<div class=\"service-three__content\">\r\n\t\t\t\t\t\t\t\t<h3 class=\"service-three__title\">\r\n\t\t\t\t\t\t\t\t\tDonnez de votre temps\t\t\t\t\t\t\t\t<\/h3><!-- \/.service-three__title -->\r\n\t\t\t\t\t\t\t\t<p class=\"service-three__text\">Mettez vos comp\u00e9tences au service de notre mission: conception de programmes, accompagnement professionnel, communication, ou sensibilisation. Aidez-nous \u00e0 faire grandir l\u2019association avec les m\u00eames valeurs que nous transmettons : collaboration et accessibilit\u00e9.<\/p><!-- \/.service-three__text -->\r\n\t\t\t\t\t\t\t<\/div><!-- \/.service-three__content -->\r\n\t\t\t\t\t\t<\/div><!-- \/.service-three__item -->\r\n\t\t\t\t\t<\/div><!-- \/.col-md-6 -->\r\n\t\t\t\t\t\t\t\t\t<div class=\"col-md-6 wow fadeInUp\" data-wow-duration=\"1500ms\" data-wow-delay=\"00ms\">\r\n\t\t\t\t\t\t<div class=\"service-three__item service-three__item--4\">\r\n\t\t\t\t\t\t\t<div class=\"service-three__icon\">\r\n\t\t\t\t\t\t\t\t<span aria-hidden=\"true\" class=\"fas fa-briefcase\"><\/span>\t\t\t\t\t\t\t<\/div><!-- \/.service-three__icon -->\r\n\t\t\t\t\t\t\t<div class=\"service-three__content\">\r\n\t\t\t\t\t\t\t\t<h3 class=\"service-three__title\">\r\n\t\t\t\t\t\t\t\t\tOffrez des stages d\u2019immersions et recrutez nos laur\u00e9ats\t\t\t\t\t\t\t\t<\/h3><!-- \/.service-three__title -->\r\n\t\t\t\t\t\t\t\t<p class=\"service-three__text\">Valorisez le talent et l\u2019engagement de nos apprenants en leur proposant des opportunit\u00e9s. Que vous constituiez une \u00e9quipe ou lanciez un projet, nos laur\u00e9ats sont pr\u00eats \u00e0 s\u2019investir et \u00e0 contribuer activement \u00e0 vos c\u00f4t\u00e9s.<\/p><!-- \/.service-three__text -->\r\n\t\t\t\t\t\t\t<\/div><!-- \/.service-three__content -->\r\n\t\t\t\t\t\t<\/div><!-- \/.service-three__item -->\r\n\t\t\t\t\t<\/div><!-- \/.col-md-6 -->\r\n\t\t\t\t\t\t\t<\/div><!-- \/.row -->\r\n\t\t<\/div><!-- \/.container -->\r\n\t<\/section><!-- \/.service-three section-space -->\r\n\r\n\r\n\t<!-- \/.service three end -->\r\n\t\t\t\t<\/div>\n\t\t\t\t<\/div>\n\t\t\t\t<\/div>\n\t\t<div class=\"elementor-element elementor-element-43db851 hewb-partnerships-work e-flex e-con-boxed e-con e-parent\" data-id=\"43db851\" data-element_type=\"container\">\n\t\t\t\t\t<div class=\"e-con-inner\">\n\t\t\t\t<div class=\"elementor-element elementor-element-aaef10c elementor-widget elementor-widget-cleenhearts-hero-banner\" data-id=\"aaef10c\" data-element_type=\"widget\" data-widget_type=\"cleenhearts-hero-banner.default\">\n\t\t\t\t<div class=\"elementor-widget-container\">\n\t\t\t\t\t    <!-- main-banner-start -->\r\n    <section class=\"hero-banner\">\r\n        <div class=\"hero-banner__shape wow fadeInUp\">\r\n            <img decoding=\"async\" src=\"https:\/\/www.hewb.org\/wp-content\/uploads\/2023\/11\/hero-banner-shape.png\" alt=\"hero-banner-shape\" title=\"hero-banner-shape\" >        <\/div>\r\n        <div class=\"container-fluid\">\r\n            <div class=\"row\">\r\n                <div class=\"col-lg-7 col-xl-8 wow fadeInLeft\" data-wow-delay=\"100ms\">\r\n                    <h3 class=\"hero-banner__title\"><span class=\"hero-banner__title__purple\">Agir avec HEWB<\/span><br \/>Construisez le futur<\/h3>                <\/div>\r\n                <div class=\"col-lg-5 col-xl-4 wow fadeInRight\" data-wow-delay=\"100ms\">\r\n                    <div class=\"hero-banner__content\">\r\n                        <p class=\"hero-banner__content__text\">Avec HEWB, chaque geste compte pour changer des trajectoires de vie.<br \/>\nAvec vous, l\u2019apprentissage devient une passerelle vers l\u2019avenir.<\/p>                        <div class=\"hero-banner__content__btn\">\r\n                                                            <a href=\"\/fr\/contact-us\/\" class=\"cleenhearts-btn\">\r\n                                    <div class=\"cleenhearts-btn__icon-box\">\r\n                                        <div class=\"cleenhearts-btn__icon-box__inner\">\r\n                                            <span aria-hidden=\"true\" class=\"icon-duble-arrow\"><\/span>                                        <\/div>\r\n                                    <\/div>\r\n                                    <span class=\"cleenhearts-btn__text\">Parlez avec nous<\/span>\r\n                                <\/a><!-- slider-btn -->\r\n                                                                                <\/div>\r\n                    <\/div>\r\n                <\/div>\r\n            <\/div>\r\n        <\/div>\r\n    <\/section>\r\n    <!-- main-banner-end -->\r\n\r\n\t\t\t\t<\/div>\n\t\t\t\t<\/div>\n\t\t\t\t\t<\/div>\n\t\t\t\t<\/div>\n\t\t\t\t<\/div>","protected":false},"excerpt":{"rendered":"<p>Make Education More EquitableWith Us Take Part Your Involvement Can Open Doors Contribute Your Expertise Become a mentor, coach, or instructor. Support learners directly by guiding projects, reviewing work, or hosting a live session. We welcome academics, researchers, professionals, and creatives. Support Student Access Contribute to our scholarship fund and help remove financial barriers for [&hellip;]<\/p>","protected":false},"author":1,"featured_media":0,"parent":0,"menu_order":0,"comment_status":"closed","ping_status":"closed","template":"elementor_header_footer","meta":{"give_campaign_id":0,"footnotes":""},"class_list":["post-5418","page","type-page","status-publish","hentry"],"yoast_head":"<!-- This site is optimized with the Yoast SEO plugin v25.4 - https:\/\/yoast.com\/wordpress\/plugins\/seo\/ -->\n<title>Get Involved - HEWB<\/title>\n<meta name=\"description\" content=\"HEWB is a Moroccan non-profit foundation dedicated to expanding access to inclusive, mentor-supported, digital higher education.\" \/>\n<meta name=\"robots\" content=\"index, follow, max-snippet:-1, max-image-preview:large, max-video-preview:-1\" \/>\n<link rel=\"canonical\" href=\"https:\/\/www.hewb.org\/fr\/get-involved\/\" \/>\n<meta property=\"og:locale\" content=\"fr_FR\" \/>\n<meta property=\"og:type\" content=\"article\" \/>\n<meta property=\"og:title\" content=\"Get Involved - HEWB\" \/>\n<meta property=\"og:description\" content=\"HEWB is a Moroccan non-profit foundation dedicated to expanding access to inclusive, mentor-supported, digital higher education.\" \/>\n<meta property=\"og:url\" content=\"https:\/\/www.hewb.org\/fr\/get-involved\/\" \/>\n<meta property=\"og:site_name\" content=\"HEWB\" \/>\n<meta property=\"article:modified_time\" content=\"2025-07-23T09:19:10+00:00\" \/>\n<meta property=\"og:image\" content=\"https:\/\/www.hewb.org\/wp-content\/uploads\/2025\/07\/image_2025-07-11_120450329.png\" \/>\n<meta name=\"twitter:card\" content=\"summary_large_image\" \/>\n<meta name=\"twitter:label1\" content=\"Dur\u00e9e de lecture estim\u00e9e\" \/>\n\t<meta name=\"twitter:data1\" content=\"2 minutes\" \/>\n<script type=\"application\/ld+json\" class=\"yoast-schema-graph\">{\"@context\":\"https:\/\/schema.org\",\"@graph\":[{\"@type\":\"WebPage\",\"@id\":\"https:\/\/www.hewb.org\/get-involved\/\",\"url\":\"https:\/\/www.hewb.org\/get-involved\/\",\"name\":\"Get Involved - HEWB\",\"isPartOf\":{\"@id\":\"https:\/\/www.hewb.org\/#website\"},\"primaryImageOfPage\":{\"@id\":\"https:\/\/www.hewb.org\/get-involved\/#primaryimage\"},\"image\":{\"@id\":\"https:\/\/www.hewb.org\/get-involved\/#primaryimage\"},\"thumbnailUrl\":\"https:\/\/www.hewb.org\/wp-content\/uploads\/2025\/07\/image_2025-07-11_120450329.png\",\"datePublished\":\"2025-07-09T09:26:25+00:00\",\"dateModified\":\"2025-07-23T09:19:10+00:00\",\"description\":\"HEWB is a Moroccan non-profit foundation dedicated to expanding access to inclusive, mentor-supported, digital higher education.\",\"breadcrumb\":{\"@id\":\"https:\/\/www.hewb.org\/get-involved\/#breadcrumb\"},\"inLanguage\":\"fr-FR\",\"potentialAction\":[{\"@type\":\"ReadAction\",\"target\":[\"https:\/\/www.hewb.org\/get-involved\/\"]}]},{\"@type\":\"ImageObject\",\"inLanguage\":\"fr-FR\",\"@id\":\"https:\/\/www.hewb.org\/get-involved\/#primaryimage\",\"url\":\"https:\/\/www.hewb.org\/wp-content\/uploads\/2025\/07\/image_2025-07-11_120450329.png\",\"contentUrl\":\"https:\/\/www.hewb.org\/wp-content\/uploads\/2025\/07\/image_2025-07-11_120450329.png\"},{\"@type\":\"BreadcrumbList\",\"@id\":\"https:\/\/www.hewb.org\/get-involved\/#breadcrumb\",\"itemListElement\":[{\"@type\":\"ListItem\",\"position\":1,\"name\":\"Home\",\"item\":\"https:\/\/www.hewb.org\/\"},{\"@type\":\"ListItem\",\"position\":2,\"name\":\"Get Involved\"}]},{\"@type\":\"WebSite\",\"@id\":\"https:\/\/www.hewb.org\/#website\",\"url\":\"https:\/\/www.hewb.org\/\",\"name\":\"HEWB\",\"description\":\"\",\"publisher\":{\"@id\":\"https:\/\/www.hewb.org\/#organization\"},\"potentialAction\":[{\"@type\":\"SearchAction\",\"target\":{\"@type\":\"EntryPoint\",\"urlTemplate\":\"https:\/\/www.hewb.org\/?s={search_term_string}\"},\"query-input\":{\"@type\":\"PropertyValueSpecification\",\"valueRequired\":true,\"valueName\":\"search_term_string\"}}],\"inLanguage\":\"fr-FR\"},{\"@type\":\"Organization\",\"@id\":\"https:\/\/www.hewb.org\/#organization\",\"name\":\"HEWB\",\"url\":\"https:\/\/www.hewb.org\/\",\"logo\":{\"@type\":\"ImageObject\",\"inLanguage\":\"fr-FR\",\"@id\":\"https:\/\/www.hewb.org\/#\/schema\/logo\/image\/\",\"url\":\"https:\/\/www.hewb.org\/wp-content\/uploads\/2023\/11\/hewb-logo.png\",\"contentUrl\":\"https:\/\/www.hewb.org\/wp-content\/uploads\/2023\/11\/hewb-logo.png\",\"width\":1144,\"height\":364,\"caption\":\"HEWB\"},\"image\":{\"@id\":\"https:\/\/www.hewb.org\/#\/schema\/logo\/image\/\"},\"sameAs\":[\"https:\/\/www.linkedin.com\/company\/higher-education-without-borders\/\"]}]}<\/script>\n<!-- \/ Yoast SEO plugin. -->","yoast_head_json":{"title":"Get Involved - HEWB","description":"HEWB is a Moroccan non-profit foundation dedicated to expanding access to inclusive, mentor-supported, digital higher education.","robots":{"index":"index","follow":"follow","max-snippet":"max-snippet:-1","max-image-preview":"max-image-preview:large","max-video-preview":"max-video-preview:-1"},"canonical":"https:\/\/www.hewb.org\/fr\/get-involved\/","og_locale":"fr_FR","og_type":"article","og_title":"Get Involved - HEWB","og_description":"HEWB is a Moroccan non-profit foundation dedicated to expanding access to inclusive, mentor-supported, digital higher education.","og_url":"https:\/\/www.hewb.org\/fr\/get-involved\/","og_site_name":"HEWB","article_modified_time":"2025-07-23T09:19:10+00:00","og_image":[{"url":"https:\/\/www.hewb.org\/wp-content\/uploads\/2025\/07\/image_2025-07-11_120450329.png","type":"","width":"","height":""}],"twitter_card":"summary_large_image","twitter_misc":{"Dur\u00e9e de lecture estim\u00e9e":"2 minutes"},"schema":{"@context":"https:\/\/schema.org","@graph":[{"@type":"WebPage","@id":"https:\/\/www.hewb.org\/get-involved\/","url":"https:\/\/www.hewb.org\/get-involved\/","name":"Get Involved - HEWB","isPartOf":{"@id":"https:\/\/www.hewb.org\/#website"},"primaryImageOfPage":{"@id":"https:\/\/www.hewb.org\/get-involved\/#primaryimage"},"image":{"@id":"https:\/\/www.hewb.org\/get-involved\/#primaryimage"},"thumbnailUrl":"https:\/\/www.hewb.org\/wp-content\/uploads\/2025\/07\/image_2025-07-11_120450329.png","datePublished":"2025-07-09T09:26:25+00:00","dateModified":"2025-07-23T09:19:10+00:00","description":"HEWB is a Moroccan non-profit foundation dedicated to expanding access to inclusive, mentor-supported, digital higher education.","breadcrumb":{"@id":"https:\/\/www.hewb.org\/get-involved\/#breadcrumb"},"inLanguage":"fr-FR","potentialAction":[{"@type":"ReadAction","target":["https:\/\/www.hewb.org\/get-involved\/"]}]},{"@type":"ImageObject","inLanguage":"fr-FR","@id":"https:\/\/www.hewb.org\/get-involved\/#primaryimage","url":"https:\/\/www.hewb.org\/wp-content\/uploads\/2025\/07\/image_2025-07-11_120450329.png","contentUrl":"https:\/\/www.hewb.org\/wp-content\/uploads\/2025\/07\/image_2025-07-11_120450329.png"},{"@type":"BreadcrumbList","@id":"https:\/\/www.hewb.org\/get-involved\/#breadcrumb","itemListElement":[{"@type":"ListItem","position":1,"name":"Home","item":"https:\/\/www.hewb.org\/"},{"@type":"ListItem","position":2,"name":"Get Involved"}]},{"@type":"WebSite","@id":"https:\/\/www.hewb.org\/#website","url":"https:\/\/www.hewb.org\/","name":"HEWB","description":"","publisher":{"@id":"https:\/\/www.hewb.org\/#organization"},"potentialAction":[{"@type":"SearchAction","target":{"@type":"EntryPoint","urlTemplate":"https:\/\/www.hewb.org\/?s={search_term_string}"},"query-input":{"@type":"PropertyValueSpecification","valueRequired":true,"valueName":"search_term_string"}}],"inLanguage":"fr-FR"},{"@type":"Organization","@id":"https:\/\/www.hewb.org\/#organization","name":"HEWB","url":"https:\/\/www.hewb.org\/","logo":{"@type":"ImageObject","inLanguage":"fr-FR","@id":"https:\/\/www.hewb.org\/#\/schema\/logo\/image\/","url":"https:\/\/www.hewb.org\/wp-content\/uploads\/2023\/11\/hewb-logo.png","contentUrl":"https:\/\/www.hewb.org\/wp-content\/uploads\/2023\/11\/hewb-logo.png","width":1144,"height":364,"caption":"HEWB"},"image":{"@id":"https:\/\/www.hewb.org\/#\/schema\/logo\/image\/"},"sameAs":["https:\/\/www.linkedin.com\/company\/higher-education-without-borders\/"]}]}},"campaignId":"","_links":{"self":[{"href":"https:\/\/www.hewb.org\/fr\/wp-json\/wp\/v2\/pages\/5418","targetHints":{"allow":["GET"]}}],"collection":[{"href":"https:\/\/www.hewb.org\/fr\/wp-json\/wp\/v2\/pages"}],"about":[{"href":"https:\/\/www.hewb.org\/fr\/wp-json\/wp\/v2\/types\/page"}],"author":[{"embeddable":true,"href":"https:\/\/www.hewb.org\/fr\/wp-json\/wp\/v2\/users\/1"}],"replies":[{"embeddable":true,"href":"https:\/\/www.hewb.org\/fr\/wp-json\/wp\/v2\/comments?post=5418"}],"version-history":[{"count":10,"href":"https:\/\/www.hewb.org\/fr\/wp-json\/wp\/v2\/pages\/5418\/revisions"}],"predecessor-version":[{"id":5762,"href":"https:\/\/www.hewb.org\/fr\/wp-json\/wp\/v2\/pages\/5418\/revisions\/5762"}],"wp:attachment":[{"href":"https:\/\/www.hewb.org\/fr\/wp-json\/wp\/v2\/media?parent=5418"}],"curies":[{"name":"wp","href":"https:\/\/api.w.org\/{rel}","templated":true}]}}